{"id":419,"date":"2023-08-09T13:45:49","date_gmt":"2023-08-09T16:45:49","guid":{"rendered":"http:\/\/projetosbbo.web15f108.uni5.net\/iabv\/?page_id=419"},"modified":"2023-08-16T09:42:41","modified_gmt":"2023-08-16T12:42:41","slug":"catalogos","status":"publish","type":"page","link":"http:\/\/projetosbbo.web15f108.uni5.net\/iabv\/catalogos\/","title":{"rendered":"Cat\u00e1logos"},"content":{"rendered":"\t\t<div data-elementor-type=\"wp-page\" data-elementor-id=\"419\" class=\"elementor elementor-419\" data-elementor-post-type=\"page\">\n\t\t\t\t\t\t\t<div class=\"elementor-element elementor-element-b746392 e-flex e-con-boxed e-con\" data-id=\"b746392\" data-element_type=\"container\" data-settings=\"{&quot;background_background&quot;:&quot;classic&quot;,&quot;content_width&quot;:&quot;boxed&quot;}\">\n\t\t\t\t\t<div class=\"e-con-inner\">\n\t\t<div class=\"elementor-element elementor-element-a145a26 e-con-full e-flex e-con\" data-id=\"a145a26\" data-element_type=\"container\" data-settings=\"{&quot;content_width&quot;:&quot;full&quot;}\">\n\t\t\t\t<div class=\"elementor-element elementor-element-1526340 elementor-widget elementor-widget-heading\" data-id=\"1526340\" data-element_type=\"widget\" data-widget_type=\"heading.default\">\n\t\t\t\t<div class=\"elementor-widget-container\">\n\t\t\t<style>\/*! elementor - v3.15.0 - 09-08-2023 *\/\n.elementor-heading-title{padding:0;margin:0;line-height:1}.elementor-widget-heading .elementor-heading-title[class*=elementor-size-]>a{color:inherit;font-size:inherit;line-height:inherit}.elementor-widget-heading .elementor-heading-title.elementor-size-small{font-size:15px}.elementor-widget-heading .elementor-heading-title.elementor-size-medium{font-size:19px}.elementor-widget-heading .elementor-heading-title.elementor-size-large{font-size:29px}.elementor-widget-heading .elementor-heading-title.elementor-size-xl{font-size:39px}.elementor-widget-heading .elementor-heading-title.elementor-size-xxl{font-size:59px}<\/style><h1 class=\"elementor-heading-title elementor-size-default\">Cat\u00e1logoS<\/h1>\t\t<\/div>\n\t\t\t\t<\/div>\n\t\t\t\t<div class=\"elementor-element elementor-element-8fa2d87 elementor-widget elementor-widget-text-editor\" data-id=\"8fa2d87\" data-element_type=\"widget\" data-widget_type=\"text-editor.default\">\n\t\t\t\t<div class=\"elementor-widget-container\">\n\t\t\t<style>\/*! elementor - v3.15.0 - 09-08-2023 *\/\n.elementor-widget-text-editor.elementor-drop-cap-view-stacked .elementor-drop-cap{background-color:#69727d;color:#fff}.elementor-widget-text-editor.elementor-drop-cap-view-framed .elementor-drop-cap{color:#69727d;border:3px solid;background-color:transparent}.elementor-widget-text-editor:not(.elementor-drop-cap-view-default) .elementor-drop-cap{margin-top:8px}.elementor-widget-text-editor:not(.elementor-drop-cap-view-default) .elementor-drop-cap-letter{width:1em;height:1em}.elementor-widget-text-editor .elementor-drop-cap{float:left;text-align:center;line-height:1;font-size:50px}.elementor-widget-text-editor .elementor-drop-cap-letter{display:inline-block}<\/style>\t\t\t\t<h3>Produtos de alta tecnologia e durabilidade, seguindo rigorosos padr\u00f5es de qualidade.<\/h3>\t\t\t\t\t\t<\/div>\n\t\t\t\t<\/div>\n\t\t\t\t<\/div>\n\t\t<div class=\"elementor-element elementor-element-ba9cce4 e-con-full e-flex e-con\" data-id=\"ba9cce4\" data-element_type=\"container\" data-settings=\"{&quot;content_width&quot;:&quot;full&quot;}\">\n\t\t<div class=\"elementor-element elementor-element-b46ab44 e-flex e-con-boxed e-con\" data-id=\"b46ab44\" data-element_type=\"container\" data-settings=\"{&quot;content_width&quot;:&quot;boxed&quot;}\">\n\t\t\t\t\t<div class=\"e-con-inner\">\n\t\t<div class=\"elementor-element elementor-element-0205355 e-con-full e-flex e-con\" data-id=\"0205355\" data-element_type=\"container\" data-settings=\"{&quot;content_width&quot;:&quot;full&quot;}\">\n\t\t\t\t<div class=\"elementor-element elementor-element-89820db elementor-widget elementor-widget-heading\" data-id=\"89820db\" data-element_type=\"widget\" data-widget_type=\"heading.default\">\n\t\t\t\t<div class=\"elementor-widget-container\">\n\t\t\t<h5 class=\"elementor-heading-title elementor-size-default\">VERS\u00c3O PDF<\/h5>\t\t<\/div>\n\t\t\t\t<\/div>\n\t\t\t\t<div class=\"elementor-element elementor-element-986de5f elementor-widget elementor-widget-text-editor\" data-id=\"986de5f\" data-element_type=\"widget\" data-widget_type=\"text-editor.default\">\n\t\t\t\t<div class=\"elementor-widget-container\">\n\t\t\t\t\t\t\t<p>Para visualizar Cat\u00e1logos em PDF \u00e9 necess\u00e1rio um leitor de PDF. Indicamos o Adobe Reader.\u00a0<\/p>\t\t\t\t\t\t<\/div>\n\t\t\t\t<\/div>\n\t\t\t\t<\/div>\n\t\t<div class=\"elementor-element elementor-element-a490f2e e-con-full e-flex e-con\" data-id=\"a490f2e\" data-element_type=\"container\" data-settings=\"{&quot;content_width&quot;:&quot;full&quot;}\">\n\t\t\t\t<div class=\"elementor-element elementor-element-93d60b0 elementor-widget elementor-widget-image\" data-id=\"93d60b0\" data-element_type=\"widget\" data-widget_type=\"image.default\">\n\t\t\t\t<div class=\"elementor-widget-container\">\n\t\t\t<style>\/*! elementor - v3.15.0 - 09-08-2023 *\/\n.elementor-widget-image{text-align:center}.elementor-widget-image a{display:inline-block}.elementor-widget-image a img[src$=\".svg\"]{width:48px}.elementor-widget-image img{vertical-align:middle;display:inline-block}<\/style>\t\t\t\t\t\t\t\t\t\t\t\t\t<a href=\"http:\/\/ardownload.adobe.com\/pub\/adobe\/reader\/win\/8.x\/8.1\/ptb\/AdbeRdr810_pt_BR.exe\" target=\"_blank\" rel=\"nofollow\">\n\t\t\t\t\t\t\t<img loading=\"lazy\" decoding=\"async\" width=\"109\" height=\"31\" src=\"http:\/\/projetosbbo.web15f108.uni5.net\/iabv\/wp-content\/uploads\/2023\/08\/adobe_logo.gif\" class=\"attachment-large size-large wp-image-431\" alt=\"\" srcset=\"http:\/\/projetosbbo.web15f108.uni5.net\/iabv\/wp-content\/uploads\/2023\/08\/adobe_logo.gif 109w, http:\/\/projetosbbo.web15f108.uni5.net\/iabv\/wp-content\/uploads\/2023\/08\/adobe_logo-50x14.gif 50w\" sizes=\"auto, (max-width: 109px) 100vw, 109px\" \/>\t\t\t\t\t\t\t\t<\/a>\n\t\t\t\t\t\t\t\t\t\t\t\t\t\t\t<\/div>\n\t\t\t\t<\/div>\n\t\t\t\t<\/div>\n\t\t\t\t\t<\/div>\n\t\t\t\t<\/div>\n\t\t<div class=\"elementor-element elementor-element-b1046d6 e-flex e-con-boxed e-con\" data-id=\"b1046d6\" data-element_type=\"container\" data-settings=\"{&quot;content_width&quot;:&quot;boxed&quot;}\">\n\t\t\t\t\t<div class=\"e-con-inner\">\n\t\t\t\t<div class=\"elementor-element elementor-element-363808e elementor-widget elementor-widget-heading\" data-id=\"363808e\" data-element_type=\"widget\" data-widget_type=\"heading.default\">\n\t\t\t\t<div class=\"elementor-widget-container\">\n\t\t\t<h5 class=\"elementor-heading-title elementor-size-default\">Aplicativos <\/h5>\t\t<\/div>\n\t\t\t\t<\/div>\n\t\t\t\t<div class=\"elementor-element elementor-element-aea51b1 elementor-widget elementor-widget-text-editor\" data-id=\"aea51b1\" data-element_type=\"widget\" data-widget_type=\"text-editor.default\">\n\t\t\t\t<div class=\"elementor-widget-container\">\n\t\t\t\t\t\t\t<p>Tenha sempre em m\u00e3os, atualizado, direto no seu dispositivo:<\/p>\t\t\t\t\t\t<\/div>\n\t\t\t\t<\/div>\n\t\t<div class=\"elementor-element elementor-element-803fa11 e-con-full e-flex e-con\" data-id=\"803fa11\" data-element_type=\"container\" data-settings=\"{&quot;content_width&quot;:&quot;full&quot;,&quot;background_background&quot;:&quot;classic&quot;}\">\n\t\t\t\t<div class=\"elementor-element elementor-element-ef8dc6a elementor-widget elementor-widget-image\" data-id=\"ef8dc6a\" data-element_type=\"widget\" data-widget_type=\"image.default\">\n\t\t\t\t<div class=\"elementor-widget-container\">\n\t\t\t\t\t\t\t\t\t\t\t\t\t\t\t\t<a href=\"https:\/\/play.google.com\/store\/apps\/details?id=br.com.ideia2001.CatalogoIABV\" target=\"_blank\">\n\t\t\t\t\t\t\t<img loading=\"lazy\" decoding=\"async\" width=\"162\" height=\"58\" src=\"http:\/\/projetosbbo.web15f108.uni5.net\/iabv\/wp-content\/uploads\/2023\/08\/android.png\" class=\"attachment-large size-large wp-image-436\" alt=\"\" srcset=\"http:\/\/projetosbbo.web15f108.uni5.net\/iabv\/wp-content\/uploads\/2023\/08\/android.png 162w, http:\/\/projetosbbo.web15f108.uni5.net\/iabv\/wp-content\/uploads\/2023\/08\/android-50x18.png 50w, http:\/\/projetosbbo.web15f108.uni5.net\/iabv\/wp-content\/uploads\/2023\/08\/android-150x54.png 150w\" sizes=\"auto, (max-width: 162px) 100vw, 162px\" \/>\t\t\t\t\t\t\t\t<\/a>\n\t\t\t\t\t\t\t\t\t\t\t\t\t\t\t<\/div>\n\t\t\t\t<\/div>\n\t\t\t\t<div class=\"elementor-element elementor-element-a8a5b1e elementor-widget elementor-widget-image\" data-id=\"a8a5b1e\" data-element_type=\"widget\" data-widget_type=\"image.default\">\n\t\t\t\t<div class=\"elementor-widget-container\">\n\t\t\t\t\t\t\t\t\t\t\t\t\t\t\t\t<a href=\"https:\/\/apps.apple.com\/br\/app\/iabv-cat%C3%A1logo\/id6443702251\" target=\"_blank\">\n\t\t\t\t\t\t\t<img loading=\"lazy\" decoding=\"async\" width=\"161\" height=\"58\" src=\"http:\/\/projetosbbo.web15f108.uni5.net\/iabv\/wp-content\/uploads\/2023\/08\/apple.png\" class=\"attachment-large size-large wp-image-437\" alt=\"\" srcset=\"http:\/\/projetosbbo.web15f108.uni5.net\/iabv\/wp-content\/uploads\/2023\/08\/apple.png 161w, http:\/\/projetosbbo.web15f108.uni5.net\/iabv\/wp-content\/uploads\/2023\/08\/apple-50x18.png 50w, http:\/\/projetosbbo.web15f108.uni5.net\/iabv\/wp-content\/uploads\/2023\/08\/apple-150x54.png 150w\" sizes=\"auto, (max-width: 161px) 100vw, 161px\" \/>\t\t\t\t\t\t\t\t<\/a>\n\t\t\t\t\t\t\t\t\t\t\t\t\t\t\t<\/div>\n\t\t\t\t<\/div>\n\t\t\t\t<div class=\"elementor-element elementor-element-d745a87 elementor-widget elementor-widget-image\" data-id=\"d745a87\" data-element_type=\"widget\" data-widget_type=\"image.default\">\n\t\t\t\t<div class=\"elementor-widget-container\">\n\t\t\t\t\t\t\t\t\t\t\t\t\t\t\t\t<a href=\"http:\/\/www.ideia2001.com.br\/CatExp\/AVAAE\/InstalarIABV-Catalogo.exe\" target=\"_blank\">\n\t\t\t\t\t\t\t<img loading=\"lazy\" decoding=\"async\" width=\"162\" height=\"58\" src=\"http:\/\/projetosbbo.web15f108.uni5.net\/iabv\/wp-content\/uploads\/2023\/08\/windows.png\" class=\"attachment-large size-large wp-image-438\" alt=\"\" srcset=\"http:\/\/projetosbbo.web15f108.uni5.net\/iabv\/wp-content\/uploads\/2023\/08\/windows.png 162w, http:\/\/projetosbbo.web15f108.uni5.net\/iabv\/wp-content\/uploads\/2023\/08\/windows-50x18.png 50w, http:\/\/projetosbbo.web15f108.uni5.net\/iabv\/wp-content\/uploads\/2023\/08\/windows-150x54.png 150w\" sizes=\"auto, (max-width: 162px) 100vw, 162px\" \/>\t\t\t\t\t\t\t\t<\/a>\n\t\t\t\t\t\t\t\t\t\t\t\t\t\t\t<\/div>\n\t\t\t\t<\/div>\n\t\t\t\t<\/div>\n\t\t\t\t\t<\/div>\n\t\t\t\t<\/div>\n\t\t\t\t<\/div>\n\t\t\t\t\t<\/div>\n\t\t\t\t<\/div>\n\t\t<div class=\"elementor-element elementor-element-06aa577 e-flex e-con-boxed e-con\" data-id=\"06aa577\" data-element_type=\"container\" data-settings=\"{&quot;content_width&quot;:&quot;boxed&quot;}\">\n\t\t\t\t\t<div class=\"e-con-inner\">\n\t\t<div class=\"elementor-element elementor-element-f48f0b3 e-con-full e-flex e-con\" data-id=\"f48f0b3\" data-element_type=\"container\" data-settings=\"{&quot;content_width&quot;:&quot;full&quot;}\">\n\t\t\t\t<div class=\"elementor-element elementor-element-bfc90c9 elementor-widget__width-auto elementor-widget elementor-widget-heading\" data-id=\"bfc90c9\" data-element_type=\"widget\" data-widget_type=\"heading.default\">\n\t\t\t\t<div class=\"elementor-widget-container\">\n\t\t\t<h3 class=\"elementor-heading-title elementor-size-default\">VERS\u00c3O EM PDF<\/h3>\t\t<\/div>\n\t\t\t\t<\/div>\n\t\t<div class=\"elementor-element elementor-element-2343f0d e-con-full e-flex e-con\" data-id=\"2343f0d\" data-element_type=\"container\" data-settings=\"{&quot;content_width&quot;:&quot;full&quot;}\">\n\t\t<div class=\"elementor-element elementor-element-dd89368 e-con-full e-flex e-con\" data-id=\"dd89368\" data-element_type=\"container\" data-settings=\"{&quot;content_width&quot;:&quot;full&quot;}\">\n\t\t\t\t<div class=\"elementor-element elementor-element-2f45c9a elementor-widget elementor-widget-heading\" data-id=\"2f45c9a\" data-element_type=\"widget\" data-widget_type=\"heading.default\">\n\t\t\t\t<div class=\"elementor-widget-container\">\n\t\t\t<h4 class=\"elementor-heading-title elementor-size-default\">Cat\u00e1logo 2021<\/h4>\t\t<\/div>\n\t\t\t\t<\/div>\n\t\t\t\t<div class=\"elementor-element elementor-element-cc77d87 elementor-widget elementor-widget-image\" data-id=\"cc77d87\" data-element_type=\"widget\" data-widget_type=\"image.default\">\n\t\t\t\t<div class=\"elementor-widget-container\">\n\t\t\t\t\t\t\t\t\t\t\t\t\t\t\t\t<a href=\"http:\/\/projetosbbo.web15f108.uni5.net\/iabv\/wp-content\/uploads\/2023\/08\/IABV-.Catalogo-de-Produtos-2021.pdf\">\n\t\t\t\t\t\t\t<img loading=\"lazy\" decoding=\"async\" width=\"716\" height=\"1024\" src=\"http:\/\/projetosbbo.web15f108.uni5.net\/iabv\/wp-content\/uploads\/2023\/08\/Catalogo-de-Produtos-2021-716x1024.jpg\" class=\"attachment-large size-large wp-image-449\" alt=\"\" srcset=\"http:\/\/projetosbbo.web15f108.uni5.net\/iabv\/wp-content\/uploads\/2023\/08\/Catalogo-de-Produtos-2021-716x1024.jpg 716w, http:\/\/projetosbbo.web15f108.uni5.net\/iabv\/wp-content\/uploads\/2023\/08\/Catalogo-de-Produtos-2021-210x300.jpg 210w, http:\/\/projetosbbo.web15f108.uni5.net\/iabv\/wp-content\/uploads\/2023\/08\/Catalogo-de-Produtos-2021-768x1098.jpg 768w, http:\/\/projetosbbo.web15f108.uni5.net\/iabv\/wp-content\/uploads\/2023\/08\/Catalogo-de-Produtos-2021-102x146.jpg 102w, http:\/\/projetosbbo.web15f108.uni5.net\/iabv\/wp-content\/uploads\/2023\/08\/Catalogo-de-Produtos-2021-35x50.jpg 35w, http:\/\/projetosbbo.web15f108.uni5.net\/iabv\/wp-content\/uploads\/2023\/08\/Catalogo-de-Produtos-2021-52x75.jpg 52w, http:\/\/projetosbbo.web15f108.uni5.net\/iabv\/wp-content\/uploads\/2023\/08\/Catalogo-de-Produtos-2021.jpg 827w\" sizes=\"auto, (max-width: 716px) 100vw, 716px\" \/>\t\t\t\t\t\t\t\t<\/a>\n\t\t\t\t\t\t\t\t\t\t\t\t\t\t\t<\/div>\n\t\t\t\t<\/div>\n\t\t\t\t<\/div>\n\t\t<div class=\"elementor-element elementor-element-9f1d28f e-con-full e-flex e-con\" data-id=\"9f1d28f\" data-element_type=\"container\" data-settings=\"{&quot;content_width&quot;:&quot;full&quot;}\">\n\t\t\t\t<div class=\"elementor-element elementor-element-f9a06f5 elementor-widget elementor-widget-heading\" data-id=\"f9a06f5\" data-element_type=\"widget\" data-widget_type=\"heading.default\">\n\t\t\t\t<div class=\"elementor-widget-container\">\n\t\t\t<h4 class=\"elementor-heading-title elementor-size-default\">Cat\u00e1logo AGR\u00cdCOLA<\/h4>\t\t<\/div>\n\t\t\t\t<\/div>\n\t\t\t\t<div class=\"elementor-element elementor-element-315e34a elementor-widget elementor-widget-image\" data-id=\"315e34a\" data-element_type=\"widget\" data-widget_type=\"image.default\">\n\t\t\t\t<div class=\"elementor-widget-container\">\n\t\t\t\t\t\t\t\t\t\t\t\t\t\t\t\t<a href=\"http:\/\/projetosbbo.web15f108.uni5.net\/iabv\/wp-content\/uploads\/2023\/08\/IABV-.Catalogo-Agricola-2022.pdf\">\n\t\t\t\t\t\t\t<img loading=\"lazy\" decoding=\"async\" width=\"724\" height=\"1024\" src=\"http:\/\/projetosbbo.web15f108.uni5.net\/iabv\/wp-content\/uploads\/2023\/08\/Catalogo-Agricola-2022-724x1024.jpg\" class=\"attachment-large size-large wp-image-448\" alt=\"\" srcset=\"http:\/\/projetosbbo.web15f108.uni5.net\/iabv\/wp-content\/uploads\/2023\/08\/Catalogo-Agricola-2022-724x1024.jpg 724w, http:\/\/projetosbbo.web15f108.uni5.net\/iabv\/wp-content\/uploads\/2023\/08\/Catalogo-Agricola-2022-212x300.jpg 212w, http:\/\/projetosbbo.web15f108.uni5.net\/iabv\/wp-content\/uploads\/2023\/08\/Catalogo-Agricola-2022-768x1086.jpg 768w, http:\/\/projetosbbo.web15f108.uni5.net\/iabv\/wp-content\/uploads\/2023\/08\/Catalogo-Agricola-2022-1086x1536.jpg 1086w, http:\/\/projetosbbo.web15f108.uni5.net\/iabv\/wp-content\/uploads\/2023\/08\/Catalogo-Agricola-2022-1448x2048.jpg 1448w, http:\/\/projetosbbo.web15f108.uni5.net\/iabv\/wp-content\/uploads\/2023\/08\/Catalogo-Agricola-2022-103x146.jpg 103w, http:\/\/projetosbbo.web15f108.uni5.net\/iabv\/wp-content\/uploads\/2023\/08\/Catalogo-Agricola-2022-35x50.jpg 35w, http:\/\/projetosbbo.web15f108.uni5.net\/iabv\/wp-content\/uploads\/2023\/08\/Catalogo-Agricola-2022-53x75.jpg 53w, http:\/\/projetosbbo.web15f108.uni5.net\/iabv\/wp-content\/uploads\/2023\/08\/Catalogo-Agricola-2022.jpg 1654w\" sizes=\"auto, (max-width: 724px) 100vw, 724px\" \/>\t\t\t\t\t\t\t\t<\/a>\n\t\t\t\t\t\t\t\t\t\t\t\t\t\t\t<\/div>\n\t\t\t\t<\/div>\n\t\t\t\t<\/div>\n\t\t<div class=\"elementor-element elementor-element-759fed7 e-con-full e-flex e-con\" data-id=\"759fed7\" data-element_type=\"container\" data-settings=\"{&quot;content_width&quot;:&quot;full&quot;}\">\n\t\t\t\t<div class=\"elementor-element elementor-element-1c40beb elementor-widget elementor-widget-heading\" data-id=\"1c40beb\" data-element_type=\"widget\" data-widget_type=\"heading.default\">\n\t\t\t\t<div class=\"elementor-widget-container\">\n\t\t\t<h4 class=\"elementor-heading-title elementor-size-default\">Cat\u00e1logo T\u00c9CNICO<\/h4>\t\t<\/div>\n\t\t\t\t<\/div>\n\t\t\t\t<div class=\"elementor-element elementor-element-8a0eefc elementor-widget elementor-widget-image\" data-id=\"8a0eefc\" data-element_type=\"widget\" data-widget_type=\"image.default\">\n\t\t\t\t<div class=\"elementor-widget-container\">\n\t\t\t\t\t\t\t\t\t\t\t\t\t\t\t\t<a href=\"http:\/\/projetosbbo.web15f108.uni5.net\/iabv\/wp-content\/uploads\/2023\/08\/IABV-.Catalogo-Tecnico.pdf\">\n\t\t\t\t\t\t\t<img loading=\"lazy\" decoding=\"async\" width=\"724\" height=\"1024\" src=\"http:\/\/projetosbbo.web15f108.uni5.net\/iabv\/wp-content\/uploads\/2023\/08\/Catalogo-Tecnico-724x1024.jpg\" class=\"attachment-large size-large wp-image-450\" alt=\"\" srcset=\"http:\/\/projetosbbo.web15f108.uni5.net\/iabv\/wp-content\/uploads\/2023\/08\/Catalogo-Tecnico-724x1024.jpg 724w, http:\/\/projetosbbo.web15f108.uni5.net\/iabv\/wp-content\/uploads\/2023\/08\/Catalogo-Tecnico-212x300.jpg 212w, http:\/\/projetosbbo.web15f108.uni5.net\/iabv\/wp-content\/uploads\/2023\/08\/Catalogo-Tecnico-768x1086.jpg 768w, http:\/\/projetosbbo.web15f108.uni5.net\/iabv\/wp-content\/uploads\/2023\/08\/Catalogo-Tecnico-1086x1536.jpg 1086w, http:\/\/projetosbbo.web15f108.uni5.net\/iabv\/wp-content\/uploads\/2023\/08\/Catalogo-Tecnico-1448x2048.jpg 1448w, http:\/\/projetosbbo.web15f108.uni5.net\/iabv\/wp-content\/uploads\/2023\/08\/Catalogo-Tecnico-103x146.jpg 103w, http:\/\/projetosbbo.web15f108.uni5.net\/iabv\/wp-content\/uploads\/2023\/08\/Catalogo-Tecnico-35x50.jpg 35w, http:\/\/projetosbbo.web15f108.uni5.net\/iabv\/wp-content\/uploads\/2023\/08\/Catalogo-Tecnico-53x75.jpg 53w, http:\/\/projetosbbo.web15f108.uni5.net\/iabv\/wp-content\/uploads\/2023\/08\/Catalogo-Tecnico.jpg 1654w\" sizes=\"auto, (max-width: 724px) 100vw, 724px\" \/>\t\t\t\t\t\t\t\t<\/a>\n\t\t\t\t\t\t\t\t\t\t\t\t\t\t\t<\/div>\n\t\t\t\t<\/div>\n\t\t\t\t<\/div>\n\t\t<div class=\"elementor-element elementor-element-c8ee96b e-con-full e-flex e-con\" data-id=\"c8ee96b\" data-element_type=\"container\" data-settings=\"{&quot;content_width&quot;:&quot;full&quot;}\">\n\t\t\t\t<div class=\"elementor-element elementor-element-3eaf40f elementor-widget elementor-widget-heading\" data-id=\"3eaf40f\" data-element_type=\"widget\" data-widget_type=\"heading.default\">\n\t\t\t\t<div class=\"elementor-widget-container\">\n\t\t\t<h4 class=\"elementor-heading-title elementor-size-default\">UTILIT\u00c1RIOS E VE\u00cdCULOS LEVES<\/h4>\t\t<\/div>\n\t\t\t\t<\/div>\n\t\t\t\t<div class=\"elementor-element elementor-element-1fd20bd elementor-widget elementor-widget-image\" data-id=\"1fd20bd\" data-element_type=\"widget\" data-widget_type=\"image.default\">\n\t\t\t\t<div class=\"elementor-widget-container\">\n\t\t\t\t\t\t\t\t\t\t\t\t\t\t\t\t<a href=\"http:\/\/projetosbbo.web15f108.uni5.net\/iabv\/wp-content\/uploads\/2023\/08\/IABV-.Catalogo-Utilitarios.pdf\">\n\t\t\t\t\t\t\t<img loading=\"lazy\" decoding=\"async\" width=\"724\" height=\"1024\" src=\"http:\/\/projetosbbo.web15f108.uni5.net\/iabv\/wp-content\/uploads\/2023\/08\/Catalogo-Utilitarios-724x1024.jpg\" class=\"attachment-large size-large wp-image-451\" alt=\"\" srcset=\"http:\/\/projetosbbo.web15f108.uni5.net\/iabv\/wp-content\/uploads\/2023\/08\/Catalogo-Utilitarios-724x1024.jpg 724w, http:\/\/projetosbbo.web15f108.uni5.net\/iabv\/wp-content\/uploads\/2023\/08\/Catalogo-Utilitarios-212x300.jpg 212w, http:\/\/projetosbbo.web15f108.uni5.net\/iabv\/wp-content\/uploads\/2023\/08\/Catalogo-Utilitarios-768x1086.jpg 768w, http:\/\/projetosbbo.web15f108.uni5.net\/iabv\/wp-content\/uploads\/2023\/08\/Catalogo-Utilitarios-1086x1536.jpg 1086w, http:\/\/projetosbbo.web15f108.uni5.net\/iabv\/wp-content\/uploads\/2023\/08\/Catalogo-Utilitarios-1448x2048.jpg 1448w, http:\/\/projetosbbo.web15f108.uni5.net\/iabv\/wp-content\/uploads\/2023\/08\/Catalogo-Utilitarios-103x146.jpg 103w, http:\/\/projetosbbo.web15f108.uni5.net\/iabv\/wp-content\/uploads\/2023\/08\/Catalogo-Utilitarios-35x50.jpg 35w, http:\/\/projetosbbo.web15f108.uni5.net\/iabv\/wp-content\/uploads\/2023\/08\/Catalogo-Utilitarios-53x75.jpg 53w, http:\/\/projetosbbo.web15f108.uni5.net\/iabv\/wp-content\/uploads\/2023\/08\/Catalogo-Utilitarios-scaled.jpg 1810w\" sizes=\"auto, (max-width: 724px) 100vw, 724px\" \/>\t\t\t\t\t\t\t\t<\/a>\n\t\t\t\t\t\t\t\t\t\t\t\t\t\t\t<\/div>\n\t\t\t\t<\/div>\n\t\t\t\t<\/div>\n\t\t\t\t<\/div>\n\t\t\t\t<\/div>\n\t\t\t\t\t<\/div>\n\t\t\t\t<\/div>\n\t\t\t\t\t\t\t<\/div>\n\t\t","protected":false},"excerpt":{"rendered":"<p>Cat\u00e1logoS Produtos de alta tecnologia e durabilidade, seguindo rigorosos padr\u00f5es de qualidade. VERS\u00c3O PDF Para visualizar Cat\u00e1logos em PDF \u00e9 necess\u00e1rio um leitor de PDF. Indicamos<span class=\"excerpt-hellip\"> [\u2026]<\/span><\/p>\n","protected":false},"author":2,"featured_media":0,"parent":0,"menu_order":0,"comment_status":"closed","ping_status":"closed","template":"elementor_header_footer","meta":{"footnotes":""},"class_list":["post-419","page","type-page","status-publish","hentry"],"acf":[],"_links":{"self":[{"href":"http:\/\/projetosbbo.web15f108.uni5.net\/iabv\/wp-json\/wp\/v2\/pages\/419","targetHints":{"allow":["GET"]}}],"collection":[{"href":"http:\/\/projetosbbo.web15f108.uni5.net\/iabv\/wp-json\/wp\/v2\/pages"}],"about":[{"href":"http:\/\/projetosbbo.web15f108.uni5.net\/iabv\/wp-json\/wp\/v2\/types\/page"}],"author":[{"embeddable":true,"href":"http:\/\/projetosbbo.web15f108.uni5.net\/iabv\/wp-json\/wp\/v2\/users\/2"}],"replies":[{"embeddable":true,"href":"http:\/\/projetosbbo.web15f108.uni5.net\/iabv\/wp-json\/wp\/v2\/comments?post=419"}],"version-history":[{"count":46,"href":"http:\/\/projetosbbo.web15f108.uni5.net\/iabv\/wp-json\/wp\/v2\/pages\/419\/revisions"}],"predecessor-version":[{"id":1008,"href":"http:\/\/projetosbbo.web15f108.uni5.net\/iabv\/wp-json\/wp\/v2\/pages\/419\/revisions\/1008"}],"wp:attachment":[{"href":"http:\/\/projetosbbo.web15f108.uni5.net\/iabv\/wp-json\/wp\/v2\/media?parent=419"}],"curies":[{"name":"wp","href":"https:\/\/api.w.org\/{rel}","templated":true}]}}